{"id":1555,"date":"2018-02-14T08:38:07","date_gmt":"2018-02-14T08:38:07","guid":{"rendered":"http:\/\/gesiberica.com\/?page_id=1555"},"modified":"2023-04-15T10:13:00","modified_gmt":"2023-04-15T10:13:00","slug":"saneamiento-administrativo-registral","status":"publish","type":"page","link":"https:\/\/gesiberica.com\/en\/saneamiento-administrativo-registral\/","title":{"rendered":"Saneamiento administrativo \/ registral"},"content":{"rendered":"<p><div class=\"fusion-fullwidth fullwidth-box fusion-builder-row-1 fusion-flex-container has-pattern-background has-mask-background hundred-percent-fullwidth non-hundred-percent-height-scrolling\" style=\"--awb-border-radius-top-left:0px;--awb-border-radius-top-right:0px;--awb-border-radius-bottom-right:0px;--awb-border-radius-bottom-left:0px;--awb-flex-wrap:wrap;\" ><div class=\"fusion-builder-row fusion-row fusion-flex-align-items-flex-start fusion-flex-content-wrap\" style=\"width:104% !important;max-width:104% !important;margin-left: calc(-4% \/ 2 );margin-right: calc(-4% \/ 2 );\"><div class=\"fusion-layout-column fusion_builder_column fusion-builder-column-0 fusion_builder_column_1_1 1_1 fusion-flex-column\" style=\"--awb-bg-image:url(&#039;https:\/\/gesiberica.com\/wp-content\/uploads\/2023\/04\/slide-saneamiento-administrativo-ingles-2023.jpg&#039;);--awb-bg-size:cover;--awb-width-large:100%;--awb-margin-top-large:0px;--awb-spacing-right-large:1.92%;--awb-margin-bottom-large:20px;--awb-spacing-left-large:1.92%;--awb-width-medium:100%;--awb-order-medium:0;--awb-spacing-right-medium:1.92%;--awb-spacing-left-medium:1.92%;--awb-width-small:100%;--awb-order-small:0;--awb-spacing-right-small:1.92%;--awb-spacing-left-small:1.92%;\" data-scroll-devices=\"small-visibility,medium-visibility,large-visibility\"><div class=\"fusion-column-wrapper fusion-column-has-shadow fusion-flex-justify-content-flex-start fusion-content-layout-column fusion-empty-column-bg-image fusion-column-has-bg-image\" data-bg-url=\"https:\/\/gesiberica.com\/wp-content\/uploads\/2023\/04\/slide-saneamiento-administrativo-ingles-2023.jpg\"><img decoding=\"async\" class=\"fusion-empty-dims-img-placeholder\" aria-label=\"slide-saneamiento-administrativo-ingles-2023\" src=\"data:image\/svg+xml,%3Csvg%20xmlns%3D%27http%3A%2F%2Fwww.w3.org%2F2000%2Fsvg%27%20width%3D%271903%27%20height%3D%27400%27%20viewBox%3D%270%200%201903%20400%27%3E%3Crect%20width%3D%271903%27%20height%3D%27400%27%20fill-opacity%3D%220%22%2F%3E%3C%2Fsvg%3E\"><\/div><\/div><\/div><\/div><div class=\"fusion-fullwidth fullwidth-box fusion-builder-row-2 nonhundred-percent-fullwidth non-hundred-percent-height-scrolling\" style=\"--awb-background-position:left top;--awb-border-sizes-top:0px;--awb-border-sizes-bottom:0px;--awb-border-sizes-left:0px;--awb-border-sizes-right:0px;--awb-border-radius-top-left:0px;--awb-border-radius-top-right:0px;--awb-border-radius-bottom-right:0px;--awb-border-radius-bottom-left:0px;--awb-padding-top:2%;--awb-padding-bottom:2%;--awb-background-color:#ffffff;--awb-flex-wrap:wrap;\" ><div class=\"fusion-builder-row fusion-row\"><div class=\"fusion-layout-column fusion_builder_column fusion-builder-column-1 fusion_builder_column_1_1 1_1 fusion-one-full fusion-column-first fusion-column-last\" style=\"--awb-bg-size:cover;--awb-margin-bottom:25px;\"><div class=\"fusion-column-wrapper fusion-flex-column-wrapper-legacy\"><div class=\"fusion-button-wrapper\"><a class=\"fusion-button button-flat fusion-button-default-size button-custom fusion-button-default button-1 fusion-button-default-span fusion-has-button-gradient\" style=\"--button_accent_color:var(--awb-custom_color_11);--button_accent_hover_color:var(--awb-color6);--button_border_hover_color:rgba(255,255,255,0);--button_gradient_top_color:rgba(3,107,173,0);--button_gradient_bottom_color:rgba(0,72,118,0);--button_gradient_top_color_hover:rgba(0,72,118,0);--button_gradient_bottom_color_hover:rgba(3,107,173,0);--button_text_transform:uppercase;--button_font_size:30px;--button_line_height:37px;--button_typography-font-family:&quot;Plus Jakarta Sans&quot;;--button_typography-font-style:normal;--button_typography-font-weight:600;--button_margin-bottom:40px;\" target=\"_self\"><i class=\"fa-arrow-right fas awb-button__icon awb-button__icon--default button-icon-left\" aria-hidden=\"true\"><\/i><span class=\"fusion-button-text awb-button__text awb-button__text--default\">REGULATIONS \/ ADMINISTRATION \/ REGISTRATION<\/span><\/a><\/div><div class=\"fusion-text fusion-text-1\"><p>Gesiberica da tramitaci\u00f3n a todo tipo de documentos, p\u00fablicos y privados, regularizando la situaci\u00f3n administrativa y legal de los bienes inmuebles de las entidades inmobiliarias, algunos de los procesos m\u00e1s importantes en la tramitaci\u00f3n de expedientes administrativos:<\/p>\n<ul>\n<li>Gesti\u00f3n de calificaciones negativas registrales.<\/li>\n<li>Cambio de titularidad catastral.<\/li>\n<li>Saneamiento deuda comunitaria.<\/li>\n<li>An\u00e1lisis, control y pago de impuestos: TGRU, Vados\u2026<\/li>\n<li>Descalificaciones de VPO.<\/li>\n<li>Gesti\u00f3n de IBI\u00b4s.<\/li>\n<\/ul>\n<\/div><div class=\"fusion-clearfix\"><\/div><\/div><\/div><\/div><\/div><\/p>\n","protected":false},"excerpt":{"rendered":"","protected":false},"author":1,"featured_media":0,"parent":0,"menu_order":0,"comment_status":"closed","ping_status":"closed","template":"100-width.php","meta":{"_joinchat":[],"footnotes":""},"class_list":["post-1555","page","type-page","status-publish","hentry"],"_links":{"self":[{"href":"https:\/\/gesiberica.com\/en\/wp-json\/wp\/v2\/pages\/1555","targetHints":{"allow":["GET"]}}],"collection":[{"href":"https:\/\/gesiberica.com\/en\/wp-json\/wp\/v2\/pages"}],"about":[{"href":"https:\/\/gesiberica.com\/en\/wp-json\/wp\/v2\/types\/page"}],"author":[{"embeddable":true,"href":"https:\/\/gesiberica.com\/en\/wp-json\/wp\/v2\/users\/1"}],"replies":[{"embeddable":true,"href":"https:\/\/gesiberica.com\/en\/wp-json\/wp\/v2\/comments?post=1555"}],"version-history":[{"count":2,"href":"https:\/\/gesiberica.com\/en\/wp-json\/wp\/v2\/pages\/1555\/revisions"}],"predecessor-version":[{"id":2753,"href":"https:\/\/gesiberica.com\/en\/wp-json\/wp\/v2\/pages\/1555\/revisions\/2753"}],"wp:attachment":[{"href":"https:\/\/gesiberica.com\/en\/wp-json\/wp\/v2\/media?parent=1555"}],"curies":[{"name":"wp","href":"https:\/\/api.w.org\/{rel}","templated":true}]}}